{"id":1582,"date":"2018-10-01T15:18:49","date_gmt":"2018-10-01T15:18:49","guid":{"rendered":"https:\/\/tsa-sistemas.com.br\/wp\/?page_id=1582"},"modified":"2018-10-02T17:51:42","modified_gmt":"2018-10-02T17:51:42","slug":"service-title-4","status":"publish","type":"page","link":"https:\/\/tsa-sistemas.com.br\/wp\/service-title-4\/","title":{"rendered":"Hospedagem \/ Cloudcomputing"},"content":{"rendered":"<p><img loading=\"lazy\" decoding=\"async\" width=\"1000\" height=\"388\" src=\"https:\/\/tsa-sistemas.com.br\/wp\/wp-content\/uploads\/2018\/10\/host1.jpg\" alt=\"\" srcset=\"https:\/\/tsa-sistemas.com.br\/wp\/wp-content\/uploads\/2018\/10\/host1.jpg 1000w, https:\/\/tsa-sistemas.com.br\/wp\/wp-content\/uploads\/2018\/10\/host1-300x116.jpg 300w, https:\/\/tsa-sistemas.com.br\/wp\/wp-content\/uploads\/2018\/10\/host1-768x298.jpg 768w\" sizes=\"auto, (max-width: 1000px) 100vw, 1000px\" \/>\t\t\t\t\t\t\t\t\t\t\t<\/p>\n<h1>Servi\u00e7os de hospedagens WEB, E-mails, VPS e Servidores dedicados de acordo com a necessidade de cada ocasi\u00e3o. <\/h1>\n<p style=\"text-align: center;\">Atrav\u00e9s de parcerias com conceituadas empresas do setor de hospedagem, proporcionamos a nossos clientes o que h\u00e1 de mais atualizado em termos de infraestrutura, equipamentos e softwares voltados para uma experi\u00eancia completa com os servi\u00e7os de hospedagens de WEBsites e Emails, VPS e servidores dedicados, visando atender as necessidades atuais, bem como proporcionar adequ\u00e1-las as crescentes demandas de seu neg\u00f3cio.<\/p>\n<p>\t\t\t\t\t\t\t\t\t\t<img loading=\"lazy\" decoding=\"async\" width=\"166\" height=\"133\" src=\"https:\/\/tsa-sistemas.com.br\/wp\/wp-content\/uploads\/2018\/10\/host_icon1.jpg\" alt=\"\" \/>\t\t\t\t\t\t\t\t\t\t\t<\/p>\n<h3>Hospedagens compartilhadas<\/h3>\n<p>Desfrute de hospedagem compartilhada para sua casa e empresa.\u00a0Nossa plataforma de hospedagem segura oferece uma garantia de 99.9% de tempo de atividade.\u00a0Com\u00a0cPanel atualizado fica muito f\u00e1cil gerenciar sua hospedagem.\u00a0Para garantir que seu site seja seguro, tamb\u00e9m temos o prazer de oferecer certificados SSL para seu dom\u00ednio.<\/p>\n<p>\t\t\t\t\t\t\t\t\t\t<img loading=\"lazy\" decoding=\"async\" width=\"167\" height=\"150\" src=\"https:\/\/tsa-sistemas.com.br\/wp\/wp-content\/uploads\/2018\/10\/host_icon2.jpg\" alt=\"\" \/>\t\t\t\t\t\t\t\t\t\t\t<\/p>\n<h3>Revenda de Hospedagem<\/h3>\n<p>Lance sua pr\u00f3pria empresa de hospedagem ou hospede v\u00e1rios sites com nossa revenda de hospedagem cPanel \/ WHM.<\/p>\n<p>\t\t\t\t\t\t\t\t\t\t<img loading=\"lazy\" decoding=\"async\" width=\"193\" height=\"128\" src=\"https:\/\/tsa-sistemas.com.br\/wp\/wp-content\/uploads\/2018\/10\/host_icon3.jpg\" alt=\"\" \/>\t\t\t\t\t\t\t\t\t\t\t<\/p>\n<h3>Hospedagem VPS<\/h3>\n<p>Turbine sua hospedagem com um plano de servidor privado virtual.\u00a0Oferecemos planos para todos os or\u00e7amentos e situa\u00e7\u00f5es.<\/p>\n<p>\t\t\t\t\t\t\t\t\t\t<img loading=\"lazy\" decoding=\"async\" width=\"184\" height=\"140\" src=\"https:\/\/tsa-sistemas.com.br\/wp\/wp-content\/uploads\/2018\/10\/host_icon4.jpg\" alt=\"\" \/>\t\t\t\t\t\t\t\t\t\t\t<\/p>\n<h3>Servidores Dedicados<\/h3>\n<p>Servidores dedicados <em>Powerhouse<\/em> com uma variedade de op\u00e7\u00f5es de hardware e software.<\/p>\n<p>\t\t\t\t\t\t\t\t\t\t<img loading=\"lazy\" decoding=\"async\" width=\"166\" height=\"132\" src=\"https:\/\/tsa-sistemas.com.br\/wp\/wp-content\/uploads\/2018\/10\/host_icon5.jpg\" alt=\"\" \/>\t\t\t\t\t\t\t\t\t\t\t<\/p>\n<h3>Hospedagem de E-mails<\/h3>\n<p>Mantenha seus dados de e-mails privados com a hospedagem de e-mail na nuvem e acesse de qualquer local e equipamento via webbrowser.<\/p>\n<p>\t\t\t\t\t\t\t\t\t\t<img loading=\"lazy\" decoding=\"async\" width=\"184\" height=\"140\" src=\"https:\/\/tsa-sistemas.com.br\/wp\/wp-content\/uploads\/2018\/10\/host_icon6.jpg\" alt=\"\" \/>\t\t\t\t\t\t\t\t\t\t\t<\/p>\n<h3>Hospedagem gerenciada pelo WordPress<\/h3>\n<p>Construa seu pr\u00f3ximo site em um piscar de olhos.\u00a0Nossa plataforma WordPress gerenciada fornece ferramentas de \u00faltima gera\u00e7\u00e3o para criar e manter seu site sempre atualizado.<\/p>\n<h1>Precisa de uma solu\u00e7\u00e3o customizada ou uma configura\u00e7\u00e3o diferente ?<br \/>\n<\/br><\/br>Contate-nos !!!<br \/>\n<\/h1>\n<h1>Nossos Contatos<\/h1>\n<p>\t\t\t<iframe frameborder=\"0\" scrolling=\"no\" marginheight=\"0\" marginwidth=\"0\" src=\"https:\/\/maps.google.com\/maps?q=tsa%20tecnologia%20sistemas%20e%20automa%C3%A7%C3%A3o%20ltda&amp;t=m&amp;z=16&amp;output=embed&amp;iwloc=near\" aria-label=\"tsa tecnologia sistemas e automa\u00e7\u00e3o ltda\"><\/iframe><br \/>\n\t\t\t\t\t\t\t\t\t\t<img loading=\"lazy\" decoding=\"async\" width=\"383\" height=\"290\" src=\"https:\/\/tsa-sistemas.com.br\/wp\/wp-content\/uploads\/2018\/09\/contato.jpg\" alt=\"\" srcset=\"https:\/\/tsa-sistemas.com.br\/wp\/wp-content\/uploads\/2018\/09\/contato.jpg 383w, https:\/\/tsa-sistemas.com.br\/wp\/wp-content\/uploads\/2018\/09\/contato-300x227.jpg 300w\" sizes=\"auto, (max-width: 383px) 100vw, 383px\" \/><\/p>\n","protected":false},"excerpt":{"rendered":"<p>Hospedagem em nuvem ultra r\u00e1pida e segura.<br \/>\nGarantia de Uptime da Rede<br \/>\nGarantia de alt\u00edssima velocidade<br \/>\nArmazenamento em SSD de alta velocidade<br \/>\nCertificados SSL<br \/>\nTransfer\u00eancias de Sites<br \/>\nTotalmente escalon\u00e1vel<br \/>\nOp\u00e7\u00f5es flex\u00edveis de software<br \/>\ne muito mais&#8230;.<\/p>\n","protected":false},"author":1,"featured_media":0,"parent":0,"menu_order":0,"comment_status":"closed","ping_status":"closed","template":"","meta":{"footnotes":""},"class_list":["post-1582","page","type-page","status-publish","hentry"],"_links":{"self":[{"href":"https:\/\/tsa-sistemas.com.br\/wp\/wp-json\/wp\/v2\/pages\/1582","targetHints":{"allow":["GET"]}}],"collection":[{"href":"https:\/\/tsa-sistemas.com.br\/wp\/wp-json\/wp\/v2\/pages"}],"about":[{"href":"https:\/\/tsa-sistemas.com.br\/wp\/wp-json\/wp\/v2\/types\/page"}],"author":[{"embeddable":true,"href":"https:\/\/tsa-sistemas.com.br\/wp\/wp-json\/wp\/v2\/users\/1"}],"replies":[{"embeddable":true,"href":"https:\/\/tsa-sistemas.com.br\/wp\/wp-json\/wp\/v2\/comments?post=1582"}],"version-history":[{"count":15,"href":"https:\/\/tsa-sistemas.com.br\/wp\/wp-json\/wp\/v2\/pages\/1582\/revisions"}],"predecessor-version":[{"id":1622,"href":"https:\/\/tsa-sistemas.com.br\/wp\/wp-json\/wp\/v2\/pages\/1582\/revisions\/1622"}],"wp:attachment":[{"href":"https:\/\/tsa-sistemas.com.br\/wp\/wp-json\/wp\/v2\/media?parent=1582"}],"curies":[{"name":"wp","href":"https:\/\/api.w.org\/{rel}","templated":true}]}}