{"id":24,"date":"2016-02-12T08:13:06","date_gmt":"2016-02-12T08:13:06","guid":{"rendered":"http:\/\/demos.famethemes.com\/onepress\/?page_id=24"},"modified":"2018-10-01T15:13:31","modified_gmt":"2018-10-01T15:13:31","slug":"service-title-2","status":"publish","type":"page","link":"https:\/\/tsa-sistemas.com.br\/wp\/service-title-2\/","title":{"rendered":"Desenvolvimento para Dispositivos M\u00f3veis"},"content":{"rendered":"<p><img loading=\"lazy\" decoding=\"async\" src=\"https:\/\/tsa-sistemas.com.br\/wp\/wp-content\/uploads\/2018\/09\/desenvol_movel.png\" sizes=\"auto, (max-width: 1062px) 100vw, 1062px\" srcset=\"https:\/\/tsa-sistemas.com.br\/wp\/wp-content\/uploads\/2018\/09\/desenvol_movel.png 1062w, https:\/\/tsa-sistemas.com.br\/wp\/wp-content\/uploads\/2018\/09\/desenvol_movel-300x168.png 300w, https:\/\/tsa-sistemas.com.br\/wp\/wp-content\/uploads\/2018\/09\/desenvol_movel-768x431.png 768w, https:\/\/tsa-sistemas.com.br\/wp\/wp-content\/uploads\/2018\/09\/desenvol_movel-1024x575.png 1024w\" alt=\"\" width=\"1062\" height=\"596\" \/><\/p>\n<h1>Transforme sua ideia em uma aplica\u00e7\u00e3o m\u00f3vel altamente funcional e repleta de recursos.<\/h1>\n<p style=\"text-align: center;\">Ampla experi\u00eancia no desenvolvimento de aplicativos para uso em dispositivos m\u00f3veis (<em>tablets e smartphones<\/em>), pois desde 2005 atuamos neste segmento, inclusive desenvolvendo o primeiro sistema m\u00f3vel para imobili\u00e1rias do Brasil, incorporado no portf\u00f3lio de solu\u00e7\u00f5es da operadora Vivo (Vivo Imobili\u00e1rias).<\/p>\n<h3>Desenvolvimento Android<\/h3>\n<p style=\"text-align: center;\">Desenvolvemos aplicativos nativos, feitos sob medida para sua necessidade, visando em primeiro lugar a simplicidade e usabilidade para os usu\u00e1rios, tornando sua experi\u00eancia de uso o mais agrad\u00e1vel e intuitiva poss\u00edvel.<\/p>\n<h3>Plataforma Cruzada<\/h3>\n<p>Temos um s\u00f3lido hist\u00f3rico de cria\u00e7\u00e3o de aplicativos m\u00f3veis de plataforma cruzada. Desenvolvemos aplicativos para m\u00faltiplas plataformas usando uma \u00fanica base de c\u00f3digo, proporcionando maior versatilidade de uso e adaptabilidade a sua aplica\u00e7\u00e3o.<\/p>\n<h3>Aplicativos Amig\u00e1veis<\/h3>\n<p style=\"text-align: center;\">Nossos objetivos no desenvolvimento de aplicativos para dispositivos m\u00f3veis s\u00e3o criar ferramentas f\u00e1ceis de usar, intuitivas, que proporcionem uma \u00f3tima experi\u00eancia de uso e atendam \u00e0s necessidades de clientes e empresas para obter os melhores resultados.<\/p>\n<h3>Criando servi\u00e7os de back-end de alto desempenho para aplicativos m\u00f3veis<\/h3>\n<p style=\"text-align: left;\">O desenvolvimento m\u00f3vel de hoje n\u00e3o est\u00e1 sozinho, mas requer um <em>backend<\/em> forte e robusto, com api do servidor e servi\u00e7os de notifica\u00e7\u00e3o por push e alta escalabilidade.\u00a0Nossa equipe, com ampla experi\u00eancia no desenvolvimento de sistemas de\u00a0<em>back-end,<\/em> escolhe a melhor tecnologia de nuvem com base em suas necessidades para oferecer sempre o melhor &#8220;desempenho&#8221; a sua solu\u00e7\u00e3o.<\/p>\n<p><img loading=\"lazy\" decoding=\"async\" src=\"https:\/\/tsa-sistemas.com.br\/wp\/wp-content\/uploads\/2018\/09\/VPS_800x450.jpg\" sizes=\"auto, (max-width: 800px) 100vw, 800px\" srcset=\"https:\/\/tsa-sistemas.com.br\/wp\/wp-content\/uploads\/2018\/09\/VPS_800x450.jpg 800w, https:\/\/tsa-sistemas.com.br\/wp\/wp-content\/uploads\/2018\/09\/VPS_800x450-300x169.jpg 300w, https:\/\/tsa-sistemas.com.br\/wp\/wp-content\/uploads\/2018\/09\/VPS_800x450-768x432.jpg 768w\" alt=\"\" width=\"800\" height=\"450\" \/><\/p>\n<h1>Tornamos ideias<br \/>\nem grandes produtos<\/h1>\n<p><img loading=\"lazy\" decoding=\"async\" src=\"https:\/\/tsa-sistemas.com.br\/wp\/wp-content\/uploads\/2018\/09\/android_programacao.png\" sizes=\"auto, (max-width: 1170px) 100vw, 1170px\" srcset=\"https:\/\/tsa-sistemas.com.br\/wp\/wp-content\/uploads\/2018\/09\/android_programacao.png 1170w, https:\/\/tsa-sistemas.com.br\/wp\/wp-content\/uploads\/2018\/09\/android_programacao-300x154.png 300w, https:\/\/tsa-sistemas.com.br\/wp\/wp-content\/uploads\/2018\/09\/android_programacao-768x394.png 768w, https:\/\/tsa-sistemas.com.br\/wp\/wp-content\/uploads\/2018\/09\/android_programacao-1024x525.png 1024w\" alt=\"\" width=\"1170\" height=\"600\" \/><\/p>\n<h2>Nossos Contatos<\/h2>\n<p><iframe src=\"https:\/\/maps.google.com\/maps?q=tsa%20tecnologia%20sistemas%20e%20automa%C3%A7%C3%A3o%20ltda&amp;t=m&amp;z=16&amp;output=embed&amp;iwloc=near\" frameborder=\"0\" marginwidth=\"0\" marginheight=\"0\" scrolling=\"no\" aria-label=\"tsa tecnologia sistemas e automa\u00e7\u00e3o ltda\"><\/iframe><br \/>\n<img loading=\"lazy\" decoding=\"async\" src=\"https:\/\/tsa-sistemas.com.br\/wp\/wp-content\/uploads\/2018\/09\/contato.jpg\" sizes=\"auto, (max-width: 383px) 100vw, 383px\" srcset=\"https:\/\/tsa-sistemas.com.br\/wp\/wp-content\/uploads\/2018\/09\/contato.jpg 383w, https:\/\/tsa-sistemas.com.br\/wp\/wp-content\/uploads\/2018\/09\/contato-300x227.jpg 300w\" alt=\"\" width=\"383\" height=\"290\" \/><\/p>\n","protected":false},"excerpt":{"rendered":"<p>Ampla experi\u00eancia no desenvolvimento de aplicativos para uso em dispositivos m\u00f3veis (tablets e smartphones), pois desde 2005 atuamos neste segmento, inclusive desenvolvendo o primeiro sistema m\u00f3vel para imobili\u00e1rias do Brasil, incorporado no portf\u00f3lio de solu\u00e7\u00f5es da operadora Vivo (Vivo Imobili\u00e1rias).<\/p>\n","protected":false},"author":2,"featured_media":0,"parent":0,"menu_order":0,"comment_status":"closed","ping_status":"closed","template":"","meta":{"footnotes":""},"class_list":["post-24","page","type-page","status-publish","hentry"],"_links":{"self":[{"href":"https:\/\/tsa-sistemas.com.br\/wp\/wp-json\/wp\/v2\/pages\/24","targetHints":{"allow":["GET"]}}],"collection":[{"href":"https:\/\/tsa-sistemas.com.br\/wp\/wp-json\/wp\/v2\/pages"}],"about":[{"href":"https:\/\/tsa-sistemas.com.br\/wp\/wp-json\/wp\/v2\/types\/page"}],"author":[{"embeddable":true,"href":"https:\/\/tsa-sistemas.com.br\/wp\/wp-json\/wp\/v2\/users\/2"}],"replies":[{"embeddable":true,"href":"https:\/\/tsa-sistemas.com.br\/wp\/wp-json\/wp\/v2\/comments?post=24"}],"version-history":[{"count":27,"href":"https:\/\/tsa-sistemas.com.br\/wp\/wp-json\/wp\/v2\/pages\/24\/revisions"}],"predecessor-version":[{"id":1629,"href":"https:\/\/tsa-sistemas.com.br\/wp\/wp-json\/wp\/v2\/pages\/24\/revisions\/1629"}],"wp:attachment":[{"href":"https:\/\/tsa-sistemas.com.br\/wp\/wp-json\/wp\/v2\/media?parent=24"}],"curies":[{"name":"wp","href":"https:\/\/api.w.org\/{rel}","templated":true}]}}